{"id":8359,"date":"2023-10-05T11:14:15","date_gmt":"2023-10-05T09:14:15","guid":{"rendered":"http:\/\/parafia.realizacjewww.pl\/?page_id=8359"},"modified":"2023-10-05T12:04:22","modified_gmt":"2023-10-05T10:04:22","slug":"stan-realizacji-na-31-08-2023-r","status":"publish","type":"page","link":"http:\/\/parafia.realizacjewww.pl\/?page_id=8359","title":{"rendered":"Stan realizacji na 31.08.2023 r."},"content":{"rendered":"\t\t<div data-elementor-type=\"wp-page\" data-elementor-id=\"8359\" class=\"elementor elementor-8359\">\n\t\t\t\t\t\t\t\t\t<section class=\"elementor-section elementor-top-section elementor-element elementor-element-f3155d4 elementor-section-content-bottom elementor-section-height-min-height elementor-section-items-stretch elementor-section-boxed elementor-section-height-default\" data-id=\"f3155d4\" data-element_type=\"section\" data-settings=\"{&quot;background_background&quot;:&quot;classic&quot;}\">\n\t\t\t\t\t\t\t<div class=\"elementor-background-overlay\"><\/div>\n\t\t\t\t\t\t\t<div class=\"elementor-container elementor-column-gap-wider\">\n\t\t\t\t\t<div class=\"elementor-column elementor-col-100 elementor-top-column elementor-element elementor-element-9142a00\" data-id=\"9142a00\" data-element_type=\"column\" data-settings=\"{&quot;background_motion_fx_mouseTrack_effect&quot;:&quot;yes&quot;,&quot;background_motion_fx_mouseTrack_direction&quot;:&quot;negative&quot;,&quot;background_motion_fx_mouseTrack_speed&quot;:{&quot;unit&quot;:&quot;px&quot;,&quot;size&quot;:0.2,&quot;sizes&quot;:[]},&quot;motion_fx_motion_fx_mouse&quot;:&quot;yes&quot;,&quot;animation_tablet&quot;:&quot;fadeIn&quot;}\">\n\t\t\t<div class=\"elementor-widget-wrap elementor-element-populated\">\n\t\t\t\t\t\t\t\t<div class=\"elementor-element elementor-element-962e00c animated-slow elementor-widget-mobile__width-inherit elementor-invisible elementor-widget elementor-widget-heading\" data-id=\"962e00c\" data-element_type=\"widget\" data-settings=\"{&quot;_animation_mobile&quot;:&quot;pulse&quot;,&quot;_animation&quot;:&quot;fadeInUp&quot;}\" data-widget_type=\"heading.default\">\n\t\t\t\t<div class=\"elementor-widget-container\">\n\t\t\t<h2 class=\"elementor-heading-title elementor-size-default\">Stan realizacji <br\/>na 31.08.2023 r.<\/h2>\t\t<\/div>\n\t\t\t\t<\/div>\n\t\t\t\t\t<\/div>\n\t\t<\/div>\n\t\t\t\t\t\t\t<\/div>\n\t\t<\/section>\n\t\t\t\t<section class=\"elementor-section elementor-top-section elementor-element elementor-element-6caa9fb elementor-section-height-min-height elementor-section-boxed elementor-section-height-default elementor-section-items-middle\" data-id=\"6caa9fb\" data-element_type=\"section\" data-settings=\"{&quot;background_background&quot;:&quot;classic&quot;}\">\n\t\t\t\t\t\t<div class=\"elementor-container elementor-column-gap-wider\">\n\t\t\t\t\t<div class=\"elementor-column elementor-col-100 elementor-top-column elementor-element elementor-element-e3fe0fc\" data-id=\"e3fe0fc\" data-element_type=\"column\">\n\t\t\t<div class=\"elementor-widget-wrap\">\n\t\t\t\t\t\t\t\t\t<\/div>\n\t\t<\/div>\n\t\t\t\t\t\t\t<\/div>\n\t\t<\/section>\n\t\t\t\t<section class=\"elementor-section elementor-top-section elementor-element elementor-element-33577c1 elementor-section-boxed elementor-section-height-default elementor-section-height-default\" data-id=\"33577c1\" data-element_type=\"section\" id=\"about\" data-settings=\"{&quot;background_background&quot;:&quot;classic&quot;}\">\n\t\t\t\t\t\t\t<div class=\"elementor-background-overlay\"><\/div>\n\t\t\t\t\t\t\t<div class=\"elementor-container elementor-column-gap-wider\">\n\t\t\t\t\t<div class=\"elementor-column elementor-col-100 elementor-top-column elementor-element elementor-element-d86e0f3\" data-id=\"d86e0f3\" data-element_type=\"column\">\n\t\t\t<div class=\"elementor-widget-wrap elementor-element-populated\">\n\t\t\t\t\t\t\t\t<section class=\"elementor-section elementor-inner-section elementor-element elementor-element-404ec64 elementor-reverse-mobile elementor-section-boxed elementor-section-height-default elementor-section-height-default\" data-id=\"404ec64\" data-element_type=\"section\">\n\t\t\t\t\t\t<div class=\"elementor-container elementor-column-gap-no\">\n\t\t\t\t\t<div class=\"elementor-column elementor-col-100 elementor-inner-column elementor-element elementor-element-79eae77\" data-id=\"79eae77\" data-element_type=\"column\">\n\t\t\t<div class=\"elementor-widget-wrap elementor-element-populated\">\n\t\t\t\t\t\t\t\t<div class=\"elementor-element elementor-element-0759169 elementor-widget elementor-widget-text-editor\" data-id=\"0759169\" data-element_type=\"widget\" data-widget_type=\"text-editor.default\">\n\t\t\t\t<div class=\"elementor-widget-container\">\n\t\t\t\t\t\t\t<p>Od pocz\u0105tku lipca 2023 r. firma Diel\u0148a Bies rozpocz\u0119\u0142a budow\u0119 poszczeg\u00f3lnych element\u00f3w organ\u00f3w piszcza\u0142kowych do naszego ko\u015bcio\u0142a. Aktualny stan realizacji przedstawia poni\u017csza dokumentacja zdj\u0119ciowa.<\/p>\t\t\t\t\t\t<\/div>\n\t\t\t\t<\/div>\n\t\t\t\t<div class=\"elementor-element elementor-element-79292ff elementor-widget elementor-widget-gallery\" data-id=\"79292ff\" data-element_type=\"widget\" data-settings=\"{&quot;columns&quot;:3,&quot;gap&quot;:{&quot;unit&quot;:&quot;px&quot;,&quot;size&quot;:20,&quot;sizes&quot;:[]},&quot;lazyload&quot;:&quot;yes&quot;,&quot;gallery_layout&quot;:&quot;grid&quot;,&quot;columns_tablet&quot;:2,&quot;columns_mobile&quot;:1,&quot;gap_tablet&quot;:{&quot;unit&quot;:&quot;px&quot;,&quot;size&quot;:10,&quot;sizes&quot;:[]},&quot;gap_mobile&quot;:{&quot;unit&quot;:&quot;px&quot;,&quot;size&quot;:10,&quot;sizes&quot;:[]},&quot;link_to&quot;:&quot;file&quot;,&quot;aspect_ratio&quot;:&quot;3:2&quot;,&quot;overlay_background&quot;:&quot;yes&quot;,&quot;content_hover_animation&quot;:&quot;fade-in&quot;}\" data-widget_type=\"gallery.default\">\n\t\t\t\t<div class=\"elementor-widget-container\">\n\t\t\t\t\t<div class=\"elementor-gallery__container\">\n\t\t\t\t\t\t\t<a class=\"e-gallery-item elementor-gallery-item elementor-animated-content\" href=\"http:\/\/parafia.realizacjewww.pl\/wp-content\/uploads\/2023\/10\/IMG_20230803_130449-scaled.jpg\" data-elementor-open-lightbox=\"yes\" data-elementor-lightbox-slideshow=\"all-79292ff\" data-elementor-lightbox-title=\"IMG_20230803_130449\" data-e-action-hash=\"#elementor-action%3Aaction%3Dlightbox%26settings%3DeyJpZCI6ODQwNiwidXJsIjoiaHR0cDpcL1wvcGFyYWZpYS5yZWFsaXphY2pld3d3LnBsXC93cC1jb250ZW50XC91cGxvYWRzXC8yMDIzXC8xMFwvSU1HXzIwMjMwODAzXzEzMDQ0OS1zY2FsZWQuanBnIiwic2xpZGVzaG93IjoiYWxsLTc5MjkyZmYifQ%3D%3D\">\n\t\t\t\t\t<div class=\"e-gallery-image elementor-gallery-item__image\" data-thumbnail=\"http:\/\/parafia.realizacjewww.pl\/wp-content\/uploads\/2023\/10\/IMG_20230803_130449-scaled.jpg\" data-width=\"2560\" data-height=\"1920\" alt=\"\" ><\/div>\n\t\t\t\t\t\t\t\t\t\t\t<div class=\"elementor-gallery-item__overlay\"><\/div>\n\t\t\t\t\t\t\t\t\t\t\t\t\t\t<\/a>\n\t\t\t\t\t\t\t<a class=\"e-gallery-item elementor-gallery-item elementor-animated-content\" href=\"http:\/\/parafia.realizacjewww.pl\/wp-content\/uploads\/2023\/10\/IMG_20230817_171208-scaled.jpg\" data-elementor-open-lightbox=\"yes\" data-elementor-lightbox-slideshow=\"all-79292ff\" data-elementor-lightbox-title=\"IMG_20230817_171208\" data-e-action-hash=\"#elementor-action%3Aaction%3Dlightbox%26settings%3DeyJpZCI6ODQwNywidXJsIjoiaHR0cDpcL1wvcGFyYWZpYS5yZWFsaXphY2pld3d3LnBsXC93cC1jb250ZW50XC91cGxvYWRzXC8yMDIzXC8xMFwvSU1HXzIwMjMwODE3XzE3MTIwOC1zY2FsZWQuanBnIiwic2xpZGVzaG93IjoiYWxsLTc5MjkyZmYifQ%3D%3D\">\n\t\t\t\t\t<div class=\"e-gallery-image elementor-gallery-item__image\" data-thumbnail=\"http:\/\/parafia.realizacjewww.pl\/wp-content\/uploads\/2023\/10\/IMG_20230817_171208-scaled.jpg\" data-width=\"1920\" data-height=\"2560\" alt=\"\" ><\/div>\n\t\t\t\t\t\t\t\t\t\t\t<div class=\"elementor-gallery-item__overlay\"><\/div>\n\t\t\t\t\t\t\t\t\t\t\t\t\t\t<\/a>\n\t\t\t\t\t\t\t<a class=\"e-gallery-item elementor-gallery-item elementor-animated-content\" href=\"http:\/\/parafia.realizacjewww.pl\/wp-content\/uploads\/2023\/10\/IMG_20230817_171212-scaled.jpg\" data-elementor-open-lightbox=\"yes\" data-elementor-lightbox-slideshow=\"all-79292ff\" data-elementor-lightbox-title=\"IMG_20230817_171212\" data-e-action-hash=\"#elementor-action%3Aaction%3Dlightbox%26settings%3DeyJpZCI6ODQwOCwidXJsIjoiaHR0cDpcL1wvcGFyYWZpYS5yZWFsaXphY2pld3d3LnBsXC93cC1jb250ZW50XC91cGxvYWRzXC8yMDIzXC8xMFwvSU1HXzIwMjMwODE3XzE3MTIxMi1zY2FsZWQuanBnIiwic2xpZGVzaG93IjoiYWxsLTc5MjkyZmYifQ%3D%3D\">\n\t\t\t\t\t<div class=\"e-gallery-image elementor-gallery-item__image\" data-thumbnail=\"http:\/\/parafia.realizacjewww.pl\/wp-content\/uploads\/2023\/10\/IMG_20230817_171212-scaled.jpg\" data-width=\"1920\" data-height=\"2560\" alt=\"\" ><\/div>\n\t\t\t\t\t\t\t\t\t\t\t<div class=\"elementor-gallery-item__overlay\"><\/div>\n\t\t\t\t\t\t\t\t\t\t\t\t\t\t<\/a>\n\t\t\t\t\t\t\t<a class=\"e-gallery-item elementor-gallery-item elementor-animated-content\" href=\"http:\/\/parafia.realizacjewww.pl\/wp-content\/uploads\/2023\/10\/IMG_20230817_171227-scaled.jpg\" data-elementor-open-lightbox=\"yes\" data-elementor-lightbox-slideshow=\"all-79292ff\" data-elementor-lightbox-title=\"IMG_20230817_171227\" data-e-action-hash=\"#elementor-action%3Aaction%3Dlightbox%26settings%3DeyJpZCI6ODQwOSwidXJsIjoiaHR0cDpcL1wvcGFyYWZpYS5yZWFsaXphY2pld3d3LnBsXC93cC1jb250ZW50XC91cGxvYWRzXC8yMDIzXC8xMFwvSU1HXzIwMjMwODE3XzE3MTIyNy1zY2FsZWQuanBnIiwic2xpZGVzaG93IjoiYWxsLTc5MjkyZmYifQ%3D%3D\">\n\t\t\t\t\t<div class=\"e-gallery-image elementor-gallery-item__image\" data-thumbnail=\"http:\/\/parafia.realizacjewww.pl\/wp-content\/uploads\/2023\/10\/IMG_20230817_171227-scaled.jpg\" data-width=\"2560\" data-height=\"1920\" alt=\"\" ><\/div>\n\t\t\t\t\t\t\t\t\t\t\t<div class=\"elementor-gallery-item__overlay\"><\/div>\n\t\t\t\t\t\t\t\t\t\t\t\t\t\t<\/a>\n\t\t\t\t\t\t\t<a class=\"e-gallery-item elementor-gallery-item elementor-animated-content\" href=\"http:\/\/parafia.realizacjewww.pl\/wp-content\/uploads\/2023\/10\/IMG_20230817_171238-scaled.jpg\" data-elementor-open-lightbox=\"yes\" data-elementor-lightbox-slideshow=\"all-79292ff\" data-elementor-lightbox-title=\"IMG_20230817_171238\" data-e-action-hash=\"#elementor-action%3Aaction%3Dlightbox%26settings%3DeyJpZCI6ODQxMCwidXJsIjoiaHR0cDpcL1wvcGFyYWZpYS5yZWFsaXphY2pld3d3LnBsXC93cC1jb250ZW50XC91cGxvYWRzXC8yMDIzXC8xMFwvSU1HXzIwMjMwODE3XzE3MTIzOC1zY2FsZWQuanBnIiwic2xpZGVzaG93IjoiYWxsLTc5MjkyZmYifQ%3D%3D\">\n\t\t\t\t\t<div class=\"e-gallery-image elementor-gallery-item__image\" data-thumbnail=\"http:\/\/parafia.realizacjewww.pl\/wp-content\/uploads\/2023\/10\/IMG_20230817_171238-scaled.jpg\" data-width=\"2560\" data-height=\"1920\" alt=\"\" ><\/div>\n\t\t\t\t\t\t\t\t\t\t\t<div class=\"elementor-gallery-item__overlay\"><\/div>\n\t\t\t\t\t\t\t\t\t\t\t\t\t\t<\/a>\n\t\t\t\t\t<\/div>\n\t\t\t<\/div>\n\t\t\t\t<\/div>\n\t\t\t\t\t<\/div>\n\t\t<\/div>\n\t\t\t\t\t\t\t<\/div>\n\t\t<\/section>\n\t\t\t\t\t<\/div>\n\t\t<\/div>\n\t\t\t\t\t\t\t<\/div>\n\t\t<\/section>\n\t\t\t\t\t\t\t<\/div>\n\t\t","protected":false},"excerpt":{"rendered":"<p>Stan realizacji na 31.08.2023 r. Od pocz\u0105tku lipca 2023 r. firma Diel\u0148a Bies rozpocz\u0119\u0142a budow\u0119 poszczeg\u00f3lnych element\u00f3w organ\u00f3w piszcza\u0142kowych do naszego ko\u015bcio\u0142a. Aktualny stan realizacji przedstawia poni\u017csza dokumentacja zdj\u0119ciowa.<\/p>\n","protected":false},"author":1,"featured_media":0,"parent":0,"menu_order":10,"comment_status":"closed","ping_status":"closed","template":"elementor_header_footer","meta":{"footnotes":""},"class_list":["post-8359","page","type-page","status-publish","hentry"],"_links":{"self":[{"href":"http:\/\/parafia.realizacjewww.pl\/index.php?rest_route=\/wp\/v2\/pages\/8359","targetHints":{"allow":["GET"]}}],"collection":[{"href":"http:\/\/parafia.realizacjewww.pl\/index.php?rest_route=\/wp\/v2\/pages"}],"about":[{"href":"http:\/\/parafia.realizacjewww.pl\/index.php?rest_route=\/wp\/v2\/types\/page"}],"author":[{"embeddable":true,"href":"http:\/\/parafia.realizacjewww.pl\/index.php?rest_route=\/wp\/v2\/users\/1"}],"replies":[{"embeddable":true,"href":"http:\/\/parafia.realizacjewww.pl\/index.php?rest_route=%2Fwp%2Fv2%2Fcomments&post=8359"}],"version-history":[{"count":10,"href":"http:\/\/parafia.realizacjewww.pl\/index.php?rest_route=\/wp\/v2\/pages\/8359\/revisions"}],"predecessor-version":[{"id":8414,"href":"http:\/\/parafia.realizacjewww.pl\/index.php?rest_route=\/wp\/v2\/pages\/8359\/revisions\/8414"}],"wp:attachment":[{"href":"http:\/\/parafia.realizacjewww.pl\/index.php?rest_route=%2Fwp%2Fv2%2Fmedia&parent=8359"}],"curies":[{"name":"wp","href":"https:\/\/api.w.org\/{rel}","templated":true}]}}