{"id":8227,"date":"2023-05-08T15:12:25","date_gmt":"2023-05-08T13:12:25","guid":{"rendered":"http:\/\/parafia.realizacjewww.pl\/?page_id=8227"},"modified":"2023-10-06T11:23:59","modified_gmt":"2023-10-06T09:23:59","slug":"koncerty-organowe","status":"publish","type":"page","link":"http:\/\/parafia.realizacjewww.pl\/?page_id=8227","title":{"rendered":"Koncerty organowe"},"content":{"rendered":"\t\t<div data-elementor-type=\"wp-page\" data-elementor-id=\"8227\" class=\"elementor elementor-8227\">\n\t\t\t\t\t\t\t\t\t<section class=\"elementor-section elementor-top-section elementor-element elementor-element-d9ac165 elementor-section-boxed elementor-section-height-default elementor-section-height-default\" data-id=\"d9ac165\" data-element_type=\"section\">\n\t\t\t\t\t\t<div class=\"elementor-container elementor-column-gap-default\">\n\t\t\t\t\t<div class=\"elementor-column elementor-col-100 elementor-top-column elementor-element elementor-element-5260000\" data-id=\"5260000\" data-element_type=\"column\">\n\t\t\t<div class=\"elementor-widget-wrap elementor-element-populated\">\n\t\t\t\t\t\t\t\t<section class=\"elementor-section elementor-inner-section elementor-element elementor-element-3234956 elementor-section-boxed elementor-section-height-default elementor-section-height-default\" data-id=\"3234956\" data-element_type=\"section\">\n\t\t\t\t\t\t<div class=\"elementor-container elementor-column-gap-no\">\n\t\t\t\t\t<div class=\"elementor-column elementor-col-50 elementor-inner-column elementor-element elementor-element-4b26e2e\" data-id=\"4b26e2e\" data-element_type=\"column\">\n\t\t\t<div class=\"elementor-widget-wrap elementor-element-populated\">\n\t\t\t\t\t\t\t\t<div class=\"elementor-element elementor-element-5d28c24 elementor-widget elementor-widget-image\" data-id=\"5d28c24\" data-element_type=\"widget\" data-widget_type=\"image.default\">\n\t\t\t\t<div class=\"elementor-widget-container\">\n\t\t\t\t\t\t\t\t\t\t\t\t\t\t\t\t<a href=\"http:\/\/parafia.realizacjewww.pl\/wp-content\/uploads\/2023\/10\/koncert_koledowy_plakat.jpeg.jpg\" data-elementor-open-lightbox=\"yes\" data-elementor-lightbox-title=\"koncert_kole\u0328dowy_plakat.jpeg\" data-e-action-hash=\"#elementor-action%3Aaction%3Dlightbox%26settings%3DeyJpZCI6ODI5NSwidXJsIjoiaHR0cDpcL1wvcGFyYWZpYS5yZWFsaXphY2pld3d3LnBsXC93cC1jb250ZW50XC91cGxvYWRzXC8yMDIzXC8xMFwva29uY2VydF9rb2xlZG93eV9wbGFrYXQuanBlZy5qcGcifQ%3D%3D\">\n\t\t\t\t\t\t\t<img loading=\"lazy\" decoding=\"async\" width=\"850\" height=\"1202\" src=\"http:\/\/parafia.realizacjewww.pl\/wp-content\/uploads\/2023\/10\/koncert_koledowy_plakat.jpeg.jpg\" class=\"attachment-full size-full wp-image-8295\" alt=\"\" \/>\t\t\t\t\t\t\t\t<\/a>\n\t\t\t\t\t\t\t\t\t\t\t\t\t\t\t<\/div>\n\t\t\t\t<\/div>\n\t\t\t\t\t<\/div>\n\t\t<\/div>\n\t\t\t\t<div class=\"elementor-column elementor-col-50 elementor-inner-column elementor-element elementor-element-0d2db43\" data-id=\"0d2db43\" data-element_type=\"column\">\n\t\t\t<div class=\"elementor-widget-wrap elementor-element-populated\">\n\t\t\t\t\t\t\t\t<div class=\"elementor-element elementor-element-ddac000 elementor-widget elementor-widget-heading\" data-id=\"ddac000\" data-element_type=\"widget\" data-widget_type=\"heading.default\">\n\t\t\t\t<div class=\"elementor-widget-container\">\n\t\t\t<h2 class=\"elementor-heading-title elementor-size-default\">Koncert Po\u017cegnanie <br\/>z kol\u0119d\u0105 \u2013 23.01.2022 r.<\/h2>\t\t<\/div>\n\t\t\t\t<\/div>\n\t\t\t\t<div class=\"elementor-element elementor-element-0f36b6c elementor-widget elementor-widget-text-editor\" data-id=\"0f36b6c\" data-element_type=\"widget\" data-widget_type=\"text-editor.default\">\n\t\t\t\t<div class=\"elementor-widget-container\">\n\t\t\t\t\t\t\t<p align=\"justify\">Dnia 23 stycznia 2022 r. odby\u0142 si\u0119 Koncert Po\u017cegnanie z kol\u0119d\u0105 w wykonaniu Ch\u00f3ru Parafii \u015bw. Franciszka z Asy\u017cu pod dyrekcj\u0105 Iwony Muller-Kukulskiej. Solist\u0105, kt\u00f3ry wyst\u0105pi\u0142 w trakcie koncertu by\u0142 Stanis\u0142aw Kukulski a przy fortepianie zasiad\u0142 Waldemar W\u0105sik. W trakcie koncertu s\u0142uchacze mogli wys\u0142ucha\u0107 kol\u0119d. Po koncercie zosta\u0142a przeprowadzona kwesta na budow\u0119 organ\u00f3w piszcza\u0142kowych.<\/p>\t\t\t\t\t\t<\/div>\n\t\t\t\t<\/div>\n\t\t\t\t<div class=\"elementor-element elementor-element-bcb7495 elementor-widget elementor-widget-gallery\" data-id=\"bcb7495\" data-element_type=\"widget\" data-settings=\"{&quot;columns&quot;:2,&quot;gap&quot;:{&quot;unit&quot;:&quot;px&quot;,&quot;size&quot;:20,&quot;sizes&quot;:[]},&quot;lazyload&quot;:&quot;yes&quot;,&quot;gallery_layout&quot;:&quot;grid&quot;,&quot;columns_tablet&quot;:2,&quot;columns_mobile&quot;:1,&quot;gap_tablet&quot;:{&quot;unit&quot;:&quot;px&quot;,&quot;size&quot;:10,&quot;sizes&quot;:[]},&quot;gap_mobile&quot;:{&quot;unit&quot;:&quot;px&quot;,&quot;size&quot;:10,&quot;sizes&quot;:[]},&quot;link_to&quot;:&quot;file&quot;,&quot;aspect_ratio&quot;:&quot;3:2&quot;,&quot;overlay_background&quot;:&quot;yes&quot;,&quot;content_hover_animation&quot;:&quot;fade-in&quot;}\" data-widget_type=\"gallery.default\">\n\t\t\t\t<div class=\"elementor-widget-container\">\n\t\t\t\t\t<div class=\"elementor-gallery__container\">\n\t\t\t\t\t\t\t<a class=\"e-gallery-item elementor-gallery-item elementor-animated-content\" href=\"http:\/\/parafia.realizacjewww.pl\/wp-content\/uploads\/2023\/10\/koncert_koledowy_2.jpeg.jpg\" data-elementor-open-lightbox=\"yes\" data-elementor-lightbox-slideshow=\"all-bcb7495\" data-elementor-lightbox-title=\"koncert_kole\u0328dowy_(2).jpeg\" data-e-action-hash=\"#elementor-action%3Aaction%3Dlightbox%26settings%3DeyJpZCI6ODI5NCwidXJsIjoiaHR0cDpcL1wvcGFyYWZpYS5yZWFsaXphY2pld3d3LnBsXC93cC1jb250ZW50XC91cGxvYWRzXC8yMDIzXC8xMFwva29uY2VydF9rb2xlZG93eV8yLmpwZWcuanBnIiwic2xpZGVzaG93IjoiYWxsLWJjYjc0OTUifQ%3D%3D\">\n\t\t\t\t\t<div class=\"e-gallery-image elementor-gallery-item__image\" data-thumbnail=\"http:\/\/parafia.realizacjewww.pl\/wp-content\/uploads\/2023\/10\/koncert_koledowy_2.jpeg.jpg\" data-width=\"960\" data-height=\"720\" alt=\"\" ><\/div>\n\t\t\t\t\t\t\t\t\t\t\t<div class=\"elementor-gallery-item__overlay\"><\/div>\n\t\t\t\t\t\t\t\t\t\t\t\t\t\t<\/a>\n\t\t\t\t\t\t\t<a class=\"e-gallery-item elementor-gallery-item elementor-animated-content\" href=\"http:\/\/parafia.realizacjewww.pl\/wp-content\/uploads\/2023\/10\/koncert_koledowy.jpeg.jpg\" data-elementor-open-lightbox=\"yes\" data-elementor-lightbox-slideshow=\"all-bcb7495\" data-elementor-lightbox-title=\"koncert_kole\u0328dowy.jpeg\" data-e-action-hash=\"#elementor-action%3Aaction%3Dlightbox%26settings%3DeyJpZCI6ODI5NywidXJsIjoiaHR0cDpcL1wvcGFyYWZpYS5yZWFsaXphY2pld3d3LnBsXC93cC1jb250ZW50XC91cGxvYWRzXC8yMDIzXC8xMFwva29uY2VydF9rb2xlZG93eS5qcGVnLmpwZyIsInNsaWRlc2hvdyI6ImFsbC1iY2I3NDk1In0%3D\">\n\t\t\t\t\t<div class=\"e-gallery-image elementor-gallery-item__image\" data-thumbnail=\"http:\/\/parafia.realizacjewww.pl\/wp-content\/uploads\/2023\/10\/koncert_koledowy.jpeg.jpg\" data-width=\"960\" data-height=\"720\" alt=\"\" ><\/div>\n\t\t\t\t\t\t\t\t\t\t\t<div class=\"elementor-gallery-item__overlay\"><\/div>\n\t\t\t\t\t\t\t\t\t\t\t\t\t\t<\/a>\n\t\t\t\t\t<\/div>\n\t\t\t<\/div>\n\t\t\t\t<\/div>\n\t\t\t\t\t<\/div>\n\t\t<\/div>\n\t\t\t\t\t\t\t<\/div>\n\t\t<\/section>\n\t\t\t\t\t<\/div>\n\t\t<\/div>\n\t\t\t\t\t\t\t<\/div>\n\t\t<\/section>\n\t\t\t\t<section class=\"elementor-section elementor-top-section elementor-element elementor-element-49414e4 elementor-section-boxed elementor-section-height-default elementor-section-height-default\" data-id=\"49414e4\" data-element_type=\"section\">\n\t\t\t\t\t\t<div class=\"elementor-container elementor-column-gap-default\">\n\t\t\t\t\t<div class=\"elementor-column elementor-col-100 elementor-top-column elementor-element elementor-element-ffd2d04\" data-id=\"ffd2d04\" data-element_type=\"column\">\n\t\t\t<div class=\"elementor-widget-wrap elementor-element-populated\">\n\t\t\t\t\t\t\t\t<section class=\"elementor-section elementor-inner-section elementor-element elementor-element-21cf352 elementor-section-boxed elementor-section-height-default elementor-section-height-default\" data-id=\"21cf352\" data-element_type=\"section\">\n\t\t\t\t\t\t<div class=\"elementor-container elementor-column-gap-no\">\n\t\t\t\t\t<div class=\"elementor-column elementor-col-50 elementor-inner-column elementor-element elementor-element-5d86890\" data-id=\"5d86890\" data-element_type=\"column\">\n\t\t\t<div class=\"elementor-widget-wrap elementor-element-populated\">\n\t\t\t\t\t\t\t\t<div class=\"elementor-element elementor-element-392a268 elementor-widget elementor-widget-image\" data-id=\"392a268\" data-element_type=\"widget\" data-widget_type=\"image.default\">\n\t\t\t\t<div class=\"elementor-widget-container\">\n\t\t\t\t\t\t\t\t\t\t\t\t\t\t\t\t<a href=\"http:\/\/parafia.realizacjewww.pl\/wp-content\/uploads\/2023\/10\/koncert.png\" data-elementor-open-lightbox=\"yes\" data-elementor-lightbox-title=\"koncert\" data-e-action-hash=\"#elementor-action%3Aaction%3Dlightbox%26settings%3DeyJpZCI6ODQ0MCwidXJsIjoiaHR0cDpcL1wvcGFyYWZpYS5yZWFsaXphY2pld3d3LnBsXC93cC1jb250ZW50XC91cGxvYWRzXC8yMDIzXC8xMFwva29uY2VydC5wbmcifQ%3D%3D\">\n\t\t\t\t\t\t\t<img loading=\"lazy\" decoding=\"async\" width=\"940\" height=\"788\" src=\"http:\/\/parafia.realizacjewww.pl\/wp-content\/uploads\/2023\/10\/koncert.png\" class=\"attachment-full size-full wp-image-8440\" alt=\"\" \/>\t\t\t\t\t\t\t\t<\/a>\n\t\t\t\t\t\t\t\t\t\t\t\t\t\t\t<\/div>\n\t\t\t\t<\/div>\n\t\t\t\t\t<\/div>\n\t\t<\/div>\n\t\t\t\t<div class=\"elementor-column elementor-col-50 elementor-inner-column elementor-element elementor-element-a1c3cb8\" data-id=\"a1c3cb8\" data-element_type=\"column\">\n\t\t\t<div class=\"elementor-widget-wrap elementor-element-populated\">\n\t\t\t\t\t\t\t\t<div class=\"elementor-element elementor-element-7ece7dc elementor-widget elementor-widget-heading\" data-id=\"7ece7dc\" data-element_type=\"widget\" data-widget_type=\"heading.default\">\n\t\t\t\t<div class=\"elementor-widget-container\">\n\t\t\t<h2 class=\"elementor-heading-title elementor-size-default\">Koncert Wiecz\u00f3r z pie\u015bni\u0105 patriotyczn\u0105 -6.11.2022 r.<\/h2>\t\t<\/div>\n\t\t\t\t<\/div>\n\t\t\t\t<div class=\"elementor-element elementor-element-720c6b5 elementor-widget elementor-widget-text-editor\" data-id=\"720c6b5\" data-element_type=\"widget\" data-widget_type=\"text-editor.default\">\n\t\t\t\t<div class=\"elementor-widget-container\">\n\t\t\t\t\t\t\t<p align=\"justify\">Dnia 6 listopada 2022 r. odby\u0142 si\u0119 Koncert Wiecz\u00f3r z pie\u015bni\u0105 patriotyczn\u0105 w wykonaniu Ch\u00f3ru Parafii \u015bw. Franciszka z Asy\u017cu pod dyrekcj\u0105 Iwony Muller-Kukulskiej. W trakcie koncertu s\u0142uchacze mogli wys\u0142ucha\u0107 pie\u015bni patriotycznych w zwi\u0105zku ze zbli\u017caj\u0105cym si\u0119 Narodowym \u015awi\u0119tem Niepodleg\u0142o\u015bci przypadaj\u0105cym w dniu 11 listopada 2022 r. Po koncercie zosta\u0142a przeprowadzona kwesta na budow\u0119 organ\u00f3w piszcza\u0142kowych.<\/p>\t\t\t\t\t\t<\/div>\n\t\t\t\t<\/div>\n\t\t\t\t<div class=\"elementor-element elementor-element-13964c1 elementor-widget elementor-widget-gallery\" data-id=\"13964c1\" data-element_type=\"widget\" data-settings=\"{&quot;columns&quot;:2,&quot;gap&quot;:{&quot;unit&quot;:&quot;px&quot;,&quot;size&quot;:20,&quot;sizes&quot;:[]},&quot;lazyload&quot;:&quot;yes&quot;,&quot;gallery_layout&quot;:&quot;grid&quot;,&quot;columns_tablet&quot;:2,&quot;columns_mobile&quot;:1,&quot;gap_tablet&quot;:{&quot;unit&quot;:&quot;px&quot;,&quot;size&quot;:10,&quot;sizes&quot;:[]},&quot;gap_mobile&quot;:{&quot;unit&quot;:&quot;px&quot;,&quot;size&quot;:10,&quot;sizes&quot;:[]},&quot;link_to&quot;:&quot;file&quot;,&quot;aspect_ratio&quot;:&quot;3:2&quot;,&quot;overlay_background&quot;:&quot;yes&quot;,&quot;content_hover_animation&quot;:&quot;fade-in&quot;}\" data-widget_type=\"gallery.default\">\n\t\t\t\t<div class=\"elementor-widget-container\">\n\t\t\t\t\t<div class=\"elementor-gallery__container\">\n\t\t\t\t\t\t\t<a class=\"e-gallery-item elementor-gallery-item elementor-animated-content\" href=\"http:\/\/parafia.realizacjewww.pl\/wp-content\/uploads\/2023\/10\/koncert_patriotyczny.jpeg.jpg\" data-elementor-open-lightbox=\"yes\" data-elementor-lightbox-slideshow=\"all-13964c1\" data-elementor-lightbox-title=\"koncert_patriotyczny.jpeg\" data-e-action-hash=\"#elementor-action%3Aaction%3Dlightbox%26settings%3DeyJpZCI6ODI5MSwidXJsIjoiaHR0cDpcL1wvcGFyYWZpYS5yZWFsaXphY2pld3d3LnBsXC93cC1jb250ZW50XC91cGxvYWRzXC8yMDIzXC8xMFwva29uY2VydF9wYXRyaW90eWN6bnkuanBlZy5qcGciLCJzbGlkZXNob3ciOiJhbGwtMTM5NjRjMSJ9\">\n\t\t\t\t\t<div class=\"e-gallery-image elementor-gallery-item__image\" data-thumbnail=\"http:\/\/parafia.realizacjewww.pl\/wp-content\/uploads\/2023\/10\/koncert_patriotyczny.jpeg.jpg\" data-width=\"1080\" data-height=\"608\" alt=\"\" ><\/div>\n\t\t\t\t\t\t\t\t\t\t\t<div class=\"elementor-gallery-item__overlay\"><\/div>\n\t\t\t\t\t\t\t\t\t\t\t\t\t\t<\/a>\n\t\t\t\t\t<\/div>\n\t\t\t<\/div>\n\t\t\t\t<\/div>\n\t\t\t\t\t<\/div>\n\t\t<\/div>\n\t\t\t\t\t\t\t<\/div>\n\t\t<\/section>\n\t\t\t\t\t<\/div>\n\t\t<\/div>\n\t\t\t\t\t\t\t<\/div>\n\t\t<\/section>\n\t\t\t\t<section class=\"elementor-section elementor-top-section elementor-element elementor-element-915428c elementor-section-boxed elementor-section-height-default elementor-section-height-default\" data-id=\"915428c\" data-element_type=\"section\">\n\t\t\t\t\t\t<div class=\"elementor-container elementor-column-gap-default\">\n\t\t\t\t\t<div class=\"elementor-column elementor-col-100 elementor-top-column elementor-element elementor-element-186a5f3\" data-id=\"186a5f3\" data-element_type=\"column\">\n\t\t\t<div class=\"elementor-widget-wrap elementor-element-populated\">\n\t\t\t\t\t\t\t\t<section class=\"elementor-section elementor-inner-section elementor-element elementor-element-3d54636 elementor-section-boxed elementor-section-height-default elementor-section-height-default\" data-id=\"3d54636\" data-element_type=\"section\">\n\t\t\t\t\t\t<div class=\"elementor-container elementor-column-gap-no\">\n\t\t\t\t\t<div class=\"elementor-column elementor-col-50 elementor-inner-column elementor-element elementor-element-3adb9e3\" data-id=\"3adb9e3\" data-element_type=\"column\">\n\t\t\t<div class=\"elementor-widget-wrap elementor-element-populated\">\n\t\t\t\t\t\t\t\t<div class=\"elementor-element elementor-element-1fe48a3 elementor-widget elementor-widget-image\" data-id=\"1fe48a3\" data-element_type=\"widget\" data-widget_type=\"image.default\">\n\t\t\t\t<div class=\"elementor-widget-container\">\n\t\t\t\t\t\t\t\t\t\t\t\t\t\t\t\t<a href=\"http:\/\/parafia.realizacjewww.pl\/wp-content\/uploads\/2023\/10\/pasyjny.png\" data-elementor-open-lightbox=\"yes\" data-elementor-lightbox-title=\"pasyjny\" data-e-action-hash=\"#elementor-action%3Aaction%3Dlightbox%26settings%3DeyJpZCI6ODQzOSwidXJsIjoiaHR0cDpcL1wvcGFyYWZpYS5yZWFsaXphY2pld3d3LnBsXC93cC1jb250ZW50XC91cGxvYWRzXC8yMDIzXC8xMFwvcGFzeWpueS5wbmcifQ%3D%3D\">\n\t\t\t\t\t\t\t<img loading=\"lazy\" decoding=\"async\" width=\"940\" height=\"788\" src=\"http:\/\/parafia.realizacjewww.pl\/wp-content\/uploads\/2023\/10\/pasyjny.png\" class=\"attachment-full size-full wp-image-8439\" alt=\"\" \/>\t\t\t\t\t\t\t\t<\/a>\n\t\t\t\t\t\t\t\t\t\t\t\t\t\t\t<\/div>\n\t\t\t\t<\/div>\n\t\t\t\t\t<\/div>\n\t\t<\/div>\n\t\t\t\t<div class=\"elementor-column elementor-col-50 elementor-inner-column elementor-element elementor-element-608ae6e\" data-id=\"608ae6e\" data-element_type=\"column\">\n\t\t\t<div class=\"elementor-widget-wrap elementor-element-populated\">\n\t\t\t\t\t\t\t\t<div class=\"elementor-element elementor-element-1c7f4ee elementor-widget elementor-widget-heading\" data-id=\"1c7f4ee\" data-element_type=\"widget\" data-widget_type=\"heading.default\">\n\t\t\t\t<div class=\"elementor-widget-container\">\n\t\t\t<h2 class=\"elementor-heading-title elementor-size-default\">Koncert Pasyjny \u2013 2.04.2023 r.<\/h2>\t\t<\/div>\n\t\t\t\t<\/div>\n\t\t\t\t<div class=\"elementor-element elementor-element-4e0a1a6 elementor-widget elementor-widget-text-editor\" data-id=\"4e0a1a6\" data-element_type=\"widget\" data-widget_type=\"text-editor.default\">\n\t\t\t\t<div class=\"elementor-widget-container\">\n\t\t\t\t\t\t\t<p align=\"justify\">Dnia 2 kwietnia 2023 roku odby\u0142 si\u0119 Koncert pasyjny w wykonaniu Ch\u00f3ru Parafii \u015bw. Franciszka z Asy\u017cu pod dyrekcj\u0105 Iwony Muller-Kukulskiej. W trakcie koncertu s\u0142uchacze mogli wys\u0142ucha\u0107 pie\u015bni pasyjnych w zwi\u0105zku trwaj\u0105cym Wielkim Postem. Po koncercie zosta\u0142a przeprowadzona kwesta na budow\u0119 organ\u00f3w piszcza\u0142kowych.<\/p>\t\t\t\t\t\t<\/div>\n\t\t\t\t<\/div>\n\t\t\t\t<div class=\"elementor-element elementor-element-313d476 elementor-widget elementor-widget-gallery\" data-id=\"313d476\" data-element_type=\"widget\" data-settings=\"{&quot;columns&quot;:2,&quot;gap&quot;:{&quot;unit&quot;:&quot;px&quot;,&quot;size&quot;:20,&quot;sizes&quot;:[]},&quot;lazyload&quot;:&quot;yes&quot;,&quot;gallery_layout&quot;:&quot;grid&quot;,&quot;columns_tablet&quot;:2,&quot;columns_mobile&quot;:1,&quot;gap_tablet&quot;:{&quot;unit&quot;:&quot;px&quot;,&quot;size&quot;:10,&quot;sizes&quot;:[]},&quot;gap_mobile&quot;:{&quot;unit&quot;:&quot;px&quot;,&quot;size&quot;:10,&quot;sizes&quot;:[]},&quot;link_to&quot;:&quot;file&quot;,&quot;aspect_ratio&quot;:&quot;3:2&quot;,&quot;overlay_background&quot;:&quot;yes&quot;,&quot;content_hover_animation&quot;:&quot;fade-in&quot;}\" data-widget_type=\"gallery.default\">\n\t\t\t\t<div class=\"elementor-widget-container\">\n\t\t\t\t\t<div class=\"elementor-gallery__container\">\n\t\t\t\t\t\t\t<a class=\"e-gallery-item elementor-gallery-item elementor-animated-content\" href=\"http:\/\/parafia.realizacjewww.pl\/wp-content\/uploads\/2023\/10\/koncert_pasyjny.jpeg.jpg\" data-elementor-open-lightbox=\"yes\" data-elementor-lightbox-slideshow=\"all-313d476\" data-elementor-lightbox-title=\"koncert_pasyjny.jpeg\" data-e-action-hash=\"#elementor-action%3Aaction%3Dlightbox%26settings%3DeyJpZCI6ODI5MiwidXJsIjoiaHR0cDpcL1wvcGFyYWZpYS5yZWFsaXphY2pld3d3LnBsXC93cC1jb250ZW50XC91cGxvYWRzXC8yMDIzXC8xMFwva29uY2VydF9wYXN5am55LmpwZWcuanBnIiwic2xpZGVzaG93IjoiYWxsLTMxM2Q0NzYifQ%3D%3D\">\n\t\t\t\t\t<div class=\"e-gallery-image elementor-gallery-item__image\" data-thumbnail=\"http:\/\/parafia.realizacjewww.pl\/wp-content\/uploads\/2023\/10\/koncert_pasyjny.jpeg.jpg\" data-width=\"1080\" data-height=\"608\" alt=\"\" ><\/div>\n\t\t\t\t\t\t\t\t\t\t\t<div class=\"elementor-gallery-item__overlay\"><\/div>\n\t\t\t\t\t\t\t\t\t\t\t\t\t\t<\/a>\n\t\t\t\t\t\t\t<a class=\"e-gallery-item elementor-gallery-item elementor-animated-content\" href=\"http:\/\/parafia.realizacjewww.pl\/wp-content\/uploads\/2023\/10\/koncert_pasyjny_2.jpeg.jpg\" data-elementor-open-lightbox=\"yes\" data-elementor-lightbox-slideshow=\"all-313d476\" data-elementor-lightbox-title=\"koncert_pasyjny_(2).jpeg\" data-e-action-hash=\"#elementor-action%3Aaction%3Dlightbox%26settings%3DeyJpZCI6ODI5MywidXJsIjoiaHR0cDpcL1wvcGFyYWZpYS5yZWFsaXphY2pld3d3LnBsXC93cC1jb250ZW50XC91cGxvYWRzXC8yMDIzXC8xMFwva29uY2VydF9wYXN5am55XzIuanBlZy5qcGciLCJzbGlkZXNob3ciOiJhbGwtMzEzZDQ3NiJ9\">\n\t\t\t\t\t<div class=\"e-gallery-image elementor-gallery-item__image\" data-thumbnail=\"http:\/\/parafia.realizacjewww.pl\/wp-content\/uploads\/2023\/10\/koncert_pasyjny_2.jpeg.jpg\" data-width=\"1080\" data-height=\"608\" alt=\"\" ><\/div>\n\t\t\t\t\t\t\t\t\t\t\t<div class=\"elementor-gallery-item__overlay\"><\/div>\n\t\t\t\t\t\t\t\t\t\t\t\t\t\t<\/a>\n\t\t\t\t\t<\/div>\n\t\t\t<\/div>\n\t\t\t\t<\/div>\n\t\t\t\t\t<\/div>\n\t\t<\/div>\n\t\t\t\t\t\t\t<\/div>\n\t\t<\/section>\n\t\t\t\t\t<\/div>\n\t\t<\/div>\n\t\t\t\t\t\t\t<\/div>\n\t\t<\/section>\n\t\t\t\t\t\t\t<\/div>\n\t\t","protected":false},"excerpt":{"rendered":"<p>Koncert Po\u017cegnanie z kol\u0119d\u0105 \u2013 23.01.2022 r. Dnia 23 stycznia 2022 r. odby\u0142 si\u0119 Koncert Po\u017cegnanie z kol\u0119d\u0105 w wykonaniu Ch\u00f3ru Parafii \u015bw. Franciszka z Asy\u017cu pod dyrekcj\u0105 Iwony Muller-Kukulskiej. Solist\u0105, kt\u00f3ry wyst\u0105pi\u0142 w trakcie koncertu by\u0142 Stanis\u0142aw Kukulski a przy fortepianie zasiad\u0142 Waldemar W\u0105sik. W trakcie koncertu s\u0142uchacze mogli wys\u0142ucha\u0107 kol\u0119d. Po koncercie zosta\u0142a&hellip;<\/p>\n","protected":false},"author":1,"featured_media":0,"parent":0,"menu_order":0,"comment_status":"closed","ping_status":"closed","template":"","meta":{"footnotes":""},"class_list":["post-8227","page","type-page","status-publish","hentry"],"_links":{"self":[{"href":"http:\/\/parafia.realizacjewww.pl\/index.php?rest_route=\/wp\/v2\/pages\/8227","targetHints":{"allow":["GET"]}}],"collection":[{"href":"http:\/\/parafia.realizacjewww.pl\/index.php?rest_route=\/wp\/v2\/pages"}],"about":[{"href":"http:\/\/parafia.realizacjewww.pl\/index.php?rest_route=\/wp\/v2\/types\/page"}],"author":[{"embeddable":true,"href":"http:\/\/parafia.realizacjewww.pl\/index.php?rest_route=\/wp\/v2\/users\/1"}],"replies":[{"embeddable":true,"href":"http:\/\/parafia.realizacjewww.pl\/index.php?rest_route=%2Fwp%2Fv2%2Fcomments&post=8227"}],"version-history":[{"count":19,"href":"http:\/\/parafia.realizacjewww.pl\/index.php?rest_route=\/wp\/v2\/pages\/8227\/revisions"}],"predecessor-version":[{"id":8443,"href":"http:\/\/parafia.realizacjewww.pl\/index.php?rest_route=\/wp\/v2\/pages\/8227\/revisions\/8443"}],"wp:attachment":[{"href":"http:\/\/parafia.realizacjewww.pl\/index.php?rest_route=%2Fwp%2Fv2%2Fmedia&parent=8227"}],"curies":[{"name":"wp","href":"https:\/\/api.w.org\/{rel}","templated":true}]}}