{"id":2614,"date":"2020-09-14T09:07:52","date_gmt":"2020-09-14T09:07:52","guid":{"rendered":"https:\/\/the7.io\/elementor-agency\/?page_id=2"},"modified":"2023-10-04T14:27:37","modified_gmt":"2023-10-04T12:27:37","slug":"home","status":"publish","type":"page","link":"http:\/\/parafia.realizacjewww.pl\/","title":{"rendered":"Home"},"content":{"rendered":"\t\t<div data-elementor-type=\"wp-page\" data-elementor-id=\"2614\" class=\"elementor elementor-2614\">\n\t\t\t\t\t\t\t\t\t<section class=\"elementor-section elementor-top-section elementor-element elementor-element-f3155d4 elementor-section-content-bottom elementor-section-height-min-height elementor-section-items-stretch elementor-section-boxed elementor-section-height-default\" data-id=\"f3155d4\" data-element_type=\"section\" data-settings=\"{&quot;background_background&quot;:&quot;classic&quot;}\">\n\t\t\t\t\t\t\t<div class=\"elementor-background-overlay\"><\/div>\n\t\t\t\t\t\t\t<div class=\"elementor-container elementor-column-gap-wider\">\n\t\t\t\t\t<div class=\"elementor-column elementor-col-100 elementor-top-column elementor-element elementor-element-9142a00\" data-id=\"9142a00\" data-element_type=\"column\" data-settings=\"{&quot;background_motion_fx_mouseTrack_effect&quot;:&quot;yes&quot;,&quot;background_motion_fx_mouseTrack_direction&quot;:&quot;negative&quot;,&quot;background_motion_fx_mouseTrack_speed&quot;:{&quot;unit&quot;:&quot;px&quot;,&quot;size&quot;:0.2,&quot;sizes&quot;:[]},&quot;motion_fx_motion_fx_mouse&quot;:&quot;yes&quot;,&quot;animation_tablet&quot;:&quot;fadeIn&quot;}\">\n\t\t\t<div class=\"elementor-widget-wrap elementor-element-populated\">\n\t\t\t\t\t\t\t\t<div class=\"elementor-element elementor-element-962e00c animated-slow elementor-widget-mobile__width-inherit elementor-invisible elementor-widget elementor-widget-heading\" data-id=\"962e00c\" data-element_type=\"widget\" data-settings=\"{&quot;_animation_mobile&quot;:&quot;pulse&quot;,&quot;_animation&quot;:&quot;fadeInUp&quot;}\" data-widget_type=\"heading.default\">\n\t\t\t\t<div class=\"elementor-widget-container\">\n\t\t\t<h2 class=\"elementor-heading-title elementor-size-default\">Parafia Rzymskokatolicka <br\/>pw. \u015aw Franciszka z Asy\u017cu<\/h2>\t\t<\/div>\n\t\t\t\t<\/div>\n\t\t\t\t<div class=\"elementor-element elementor-element-f83826f elementor-align-center elementor-widget__width-auto anchor-link elementor-invisible elementor-widget elementor-widget-the7_button_widget\" data-id=\"f83826f\" data-element_type=\"widget\" data-settings=\"{&quot;_animation&quot;:&quot;zoomIn&quot;,&quot;_animation_delay&quot;:1500}\" data-widget_type=\"the7_button_widget.default\">\n\t\t\t\t<div class=\"elementor-widget-container\">\n\t\t\t<div class=\"elementor-button-wrapper\"><a href=\"http:\/\/parafia.realizacjewww.pl\/?page_id=8221\" class=\"box-button elementor-button elementor-size-xl\">Zobacz etapy budowy<\/a><\/div>\t\t<\/div>\n\t\t\t\t<\/div>\n\t\t\t\t\t<\/div>\n\t\t<\/div>\n\t\t\t\t\t\t\t<\/div>\n\t\t<\/section>\n\t\t\t\t<section class=\"elementor-section elementor-top-section elementor-element elementor-element-6caa9fb elementor-section-height-min-height elementor-section-boxed elementor-section-height-default elementor-section-items-middle\" data-id=\"6caa9fb\" data-element_type=\"section\" data-settings=\"{&quot;background_background&quot;:&quot;classic&quot;}\">\n\t\t\t\t\t\t<div class=\"elementor-container elementor-column-gap-wider\">\n\t\t\t\t\t<div class=\"elementor-column elementor-col-100 elementor-top-column elementor-element elementor-element-e3fe0fc\" data-id=\"e3fe0fc\" data-element_type=\"column\">\n\t\t\t<div class=\"elementor-widget-wrap\">\n\t\t\t\t\t\t\t\t\t<\/div>\n\t\t<\/div>\n\t\t\t\t\t\t\t<\/div>\n\t\t<\/section>\n\t\t\t\t<section class=\"elementor-section elementor-top-section elementor-element elementor-element-727f362 elementor-section-boxed elementor-section-height-default elementor-section-height-default\" data-id=\"727f362\" data-element_type=\"section\" id=\"shop\" data-settings=\"{&quot;background_background&quot;:&quot;classic&quot;}\">\n\t\t\t\t\t\t<div class=\"elementor-container elementor-column-gap-wider\">\n\t\t\t\t\t<div class=\"elementor-column elementor-col-100 elementor-top-column elementor-element elementor-element-d384b95\" data-id=\"d384b95\" data-element_type=\"column\">\n\t\t\t<div class=\"elementor-widget-wrap elementor-element-populated\">\n\t\t\t\t\t\t\t\t<div class=\"elementor-element elementor-element-158a2c9 elementor-widget elementor-widget-heading\" data-id=\"158a2c9\" data-element_type=\"widget\" data-widget_type=\"heading.default\">\n\t\t\t\t<div class=\"elementor-widget-container\">\n\t\t\t<h2 class=\"elementor-heading-title elementor-size-default\">Nasze piszcza\u0142ki<\/h2>\t\t<\/div>\n\t\t\t\t<\/div>\n\t\t\t\t<div class=\"elementor-element elementor-element-35e0a15 elementor-widget elementor-widget-spacer\" data-id=\"35e0a15\" data-element_type=\"widget\" data-widget_type=\"spacer.default\">\n\t\t\t\t<div class=\"elementor-widget-container\">\n\t\t\t\t\t<div class=\"elementor-spacer\">\n\t\t\t<div class=\"elementor-spacer-inner\"><\/div>\n\t\t<\/div>\n\t\t\t\t<\/div>\n\t\t\t\t<\/div>\n\t\t\t\t<div class=\"elementor-element elementor-element-d8f9882 elementor-widget elementor-widget-spacer\" data-id=\"d8f9882\" data-element_type=\"widget\" data-widget_type=\"spacer.default\">\n\t\t\t\t<div class=\"elementor-widget-container\">\n\t\t\t\t\t<div class=\"elementor-spacer\">\n\t\t\t<div class=\"elementor-spacer-inner\"><\/div>\n\t\t<\/div>\n\t\t\t\t<\/div>\n\t\t\t\t<\/div>\n\t\t\t\t<div class=\"elementor-element elementor-element-e36d960 variations-visible-n layout-content_below_img btn-position-below_image onsale-h-position-left onsale-v-position-top label-position-left icon-visibility-y elementor-widget elementor-widget-the7-wc-products\" data-id=\"e36d960\" data-element_type=\"widget\" data-settings=\"{&quot;show_variations&quot;:&quot;n&quot;,&quot;show_add_to_cart&quot;:&quot;y&quot;}\" data-widget_type=\"the7-wc-products.default\">\n\t\t\t\t<div class=\"elementor-widget-container\">\n\t\t\t<div class=\"products-shortcode the7-elementor-widget loading-effect-none the7-wc-products-e36d960 mode-grid dt-css-grid-wrap cart-btn-below-img wc-img-hover resize-by-browser-width jquery-filter\" data-padding=\"0\" data-cur-page=\"1\" data-wide-desktop-columns-num=\"4\" data-desktop-columns-num=\"4\" data-v-tablet-columns-num=\"3\" data-phone-columns-num=\"2\" data-post-limit=\"-1\" data-pagination-mode=\"none\" data-scroll-offset=\"\"><div class=\"dt-css-grid custom-pagination-handler\"><div class=\"visible wf-cell product-wrap\" data-post-id=\"5845\">\n\t\t<article class=\"post visible product type-product post-5845 status-publish first instock product_cat-uncategorized has-post-thumbnail featured shipping-taxable purchasable product-type-simple project-odd\">\n\t\t\t<figure class=\"woocom-project\">\n\t\t\t\t<div class=\"trigger-img-hover woo-buttons-on-img\">\n\n\t\t\t\t\t<div class=\"img-border\"><a href=\"http:\/\/parafia.realizacjewww.pl\/?product=product007\" class=\"alignnone img-wrap layzr-bg img-css-resize-wrapper\"><img fetchpriority=\"high\" decoding=\"async\" width=\"1080\" height=\"608\" src=\"data:image\/svg+xml,%3Csvg%20xmlns%3D&#039;http%3A%2F%2Fwww.w3.org%2F2000%2Fsvg&#039;%20viewBox%3D&#039;0%200%201080%20608&#039;%2F%3E\" class=\"attachment-full size-full preload-me aspect lazy lazy-load\" alt=\"\" style=\"--ratio: 1080 \/ 608;\" data-src=\"http:\/\/parafia.realizacjewww.pl\/wp-content\/uploads\/2022\/11\/koncert-patriotyczny.jpg\" loading=\"eager\" \/><img decoding=\"async\" width=\"1080\" height=\"608\" src=\"data:image\/svg+xml,%3Csvg%20xmlns%3D&#039;http%3A%2F%2Fwww.w3.org%2F2000%2Fsvg&#039;%20viewBox%3D&#039;0%200%201080%20608&#039;%2F%3E\" class=\"show-on-hover back-image preload-me aspect lazy lazy-load\" alt=\"\" sizes=\"(max-width: 1080px) 100vw, 1080px\" style=\"--ratio: 1080 \/ 608;\" data-src=\"http:\/\/parafia.realizacjewww.pl\/wp-content\/uploads\/2022\/11\/koncert-pasyjny.jpg\" loading=\"eager\" data-srcset=\"http:\/\/parafia.realizacjewww.pl\/wp-content\/uploads\/2022\/11\/koncert-pasyjny.jpg 1080w, http:\/\/parafia.realizacjewww.pl\/wp-content\/uploads\/2022\/11\/koncert-pasyjny-300x169.jpg 300w, http:\/\/parafia.realizacjewww.pl\/wp-content\/uploads\/2022\/11\/koncert-pasyjny-1024x576.jpg 1024w, http:\/\/parafia.realizacjewww.pl\/wp-content\/uploads\/2022\/11\/koncert-pasyjny-768x432.jpg 768w\" \/><\/a><\/div>\n\t\t\t\t<\/div>\n\t\t\t\t<figcaption class=\"woocom-list-content\">\n\n\t\t\t\t\t<h4 class=\"product-title \"><a href=\"http:\/\/parafia.realizacjewww.pl\/?product=product007\" title=\"Piszcza\u0142ki 1\" rel=\"bookmark\">Piszcza\u0142ki 1<\/a><\/h4><span class=\"price\"><span class=\"woocommerce-Price-amount amount\">260,00<span class=\"woocommerce-Price-currencySymbol\">&#122;&#322;<\/span><\/span><\/span><div class=\"woo-list-buttons\"><a data-product_id=\"5845\" data-product_sku=\"\" aria-label=\"Add &ldquo;Piszcza\u0142ki 1&rdquo; to your cart\" rel=\"nofollow\" href=\"?add-to-cart=5845\" data-quantity=\"1\" data-widget-id=\"e36d960\" class=\"product_type_simple add_to_cart_button ajax_add_to_cart box-button elementor-button elementor-size-sm\">Add to cart<svg xmlns=\"http:\/\/www.w3.org\/2000\/svg\" xmlns:xlink=\"http:\/\/www.w3.org\/1999\/xlink\" id=\"Layer_1\" x=\"0px\" y=\"0px\" viewBox=\"0 0 24 24\" style=\"enable-background:new 0 0 24 24;\" xml:space=\"preserve\"><style type=\"text\/css\">\t.st0{fill:none;}<\/style><path class=\"st0\" d=\"M0-1h24v24H0V-1z\"><\/path><path d=\"M7,7V6c0-2.8,2.2-5,5-5s5,2.2,5,5v1h3c0.6,0,1,0.4,1,1v13c0,0.6-0.4,1-1,1H4c-0.6,0-1-0.4-1-1V8c0-0.6,0.4-1,1-1H7z M7,9H5 v11h14V9h-2l0,0h-2l0,0H9l0,0H7L7,9z M9,7h6V6c0-1.7-1.3-3-3-3S9,4.3,9,6V7z\"><\/path><\/svg><\/a><\/div>\n\t\t\t\t<\/figcaption>\n\t\t\t<\/figure>\n\t\t<\/article>\n\n\t\t<\/div><\/div><\/div><div class=\"hidden added-to-cart-icon-template\"><svg xmlns=\"http:\/\/www.w3.org\/2000\/svg\" xmlns:xlink=\"http:\/\/www.w3.org\/1999\/xlink\" id=\"Layer_1\" x=\"0px\" y=\"0px\" viewBox=\"0 0 24 24\" style=\"enable-background:new 0 0 24 24;\" xml:space=\"preserve\"><style type=\"text\/css\">\t.st0{fill:none;}<\/style><path class=\"st0\" d=\"M0-1h24v24H0V-1z\"><\/path><path d=\"M7,7V6c0-2.8,2.2-5,5-5s5,2.2,5,5v1h3c0.6,0,1,0.4,1,1v13c0,0.6-0.4,1-1,1H4c-0.6,0-1-0.4-1-1V8c0-0.6,0.4-1,1-1H7z M7,9H5 v11h14V9h-2l0,0h-2l0,0H9l0,0H7L7,9z M9,7h6V6c0-1.7-1.3-3-3-3S9,4.3,9,6V7z\"><\/path><\/svg><\/div>\t\t<\/div>\n\t\t\t\t<\/div>\n\t\t\t\t<div class=\"elementor-element elementor-element-0f4ca0a elementor-widget elementor-widget-spacer\" data-id=\"0f4ca0a\" data-element_type=\"widget\" data-widget_type=\"spacer.default\">\n\t\t\t\t<div class=\"elementor-widget-container\">\n\t\t\t\t\t<div class=\"elementor-spacer\">\n\t\t\t<div class=\"elementor-spacer-inner\"><\/div>\n\t\t<\/div>\n\t\t\t\t<\/div>\n\t\t\t\t<\/div>\n\t\t\t\t<div class=\"elementor-element elementor-element-eeb7b5b elementor-align-center elementor-widget elementor-widget-the7_button_widget\" data-id=\"eeb7b5b\" data-element_type=\"widget\" data-widget_type=\"the7_button_widget.default\">\n\t\t\t\t<div class=\"elementor-widget-container\">\n\t\t\t<div class=\"elementor-button-wrapper\"><a href=\"http:\/\/parafia.realizacjewww.pl\/shop\/\" class=\"box-button elementor-button elementor-size-xl\">Zobacz wszystkie produkty<\/a><\/div>\t\t<\/div>\n\t\t\t\t<\/div>\n\t\t\t\t\t<\/div>\n\t\t<\/div>\n\t\t\t\t\t\t\t<\/div>\n\t\t<\/section>\n\t\t\t\t<section class=\"elementor-section elementor-top-section elementor-element elementor-element-5fcbc94 elementor-section-boxed elementor-section-height-default elementor-section-height-default\" data-id=\"5fcbc94\" data-element_type=\"section\" id=\"news\" data-settings=\"{&quot;background_background&quot;:&quot;classic&quot;}\">\n\t\t\t\t\t\t<div class=\"elementor-container elementor-column-gap-wider\">\n\t\t\t\t\t<div class=\"elementor-column elementor-col-100 elementor-top-column elementor-element elementor-element-9e71ff9\" data-id=\"9e71ff9\" data-element_type=\"column\">\n\t\t\t<div class=\"elementor-widget-wrap elementor-element-populated\">\n\t\t\t\t\t\t\t\t<div class=\"elementor-element elementor-element-18b3930 elementor-widget elementor-widget-heading\" data-id=\"18b3930\" data-element_type=\"widget\" data-widget_type=\"heading.default\">\n\t\t\t\t<div class=\"elementor-widget-container\">\n\t\t\t<h3 class=\"elementor-heading-title elementor-size-default\">Aktualno\u015bci<\/h3>\t\t<\/div>\n\t\t\t\t<\/div>\n\t\t\t\t<div class=\"elementor-element elementor-element-14aec21 elementor-widget elementor-widget-spacer\" data-id=\"14aec21\" data-element_type=\"widget\" data-widget_type=\"spacer.default\">\n\t\t\t\t<div class=\"elementor-widget-container\">\n\t\t\t\t\t<div class=\"elementor-spacer\">\n\t\t\t<div class=\"elementor-spacer-inner\"><\/div>\n\t\t<\/div>\n\t\t\t\t<\/div>\n\t\t\t\t<\/div>\n\t\t\t\t<div class=\"elementor-element elementor-element-64937d2 arrows-relative-to-image arrows-tablet-relative-to-image preserve-img-ratio-cover bullets-small-dot-stroke elementor-widget elementor-widget-the7_elements_carousel\" data-id=\"64937d2\" data-element_type=\"widget\" data-settings=\"{&quot;widget_columns_wide_desktop_breakpoint&quot;:1200}\" data-widget_type=\"the7_elements_carousel.default\">\n\t\t\t\t<div class=\"elementor-widget-container\">\n\t\t\t<div class=\"carousel-nav-display-always   disable-arrows-hover-bg the7_elements_carousel-64937d2 owl-carousel portfolio-carousel-shortcode elementor-owl-carousel-call portfolio-shortcode the7-elementor-widget content-bg-on bottom-overlap-layout-list description-under-image\" data-scroll-mode=\"1\" data-col-num=\"2\" data-wide-col-num=\"3\" data-laptop-col=\"2\" data-h-tablet-columns-num=\"2\" data-v-tablet-columns-num=\"2\" data-phone-columns-num=\"1\" data-auto-height=\"false\" data-col-gap=\"60\" data-col-gap-tablet=\"40\" data-col-gap-mobile=\"\" data-speed=\"600\" data-autoplay=\"false\" data-autoplay_speed=\"\"><article class=\"post visible post-8466 type-post status-publish format-standard has-post-thumbnail hentry category-uncategorized\">\n\n\t<div class=\"post-thumbnail-wrap rollover-active\">\n\t\t<div class=\"post-thumbnail\">\n\n\t\t\t<a class=\"post-thumbnail-rollover layzr-bg img-css-resize-wrapper\" aria-label=\"Post image\" href=\"http:\/\/parafia.realizacjewww.pl\/?p=8466\"><img decoding=\"async\" width=\"1080\" height=\"1080\" src=\"data:image\/svg+xml,%3Csvg%20xmlns%3D&#039;http%3A%2F%2Fwww.w3.org%2F2000%2Fsvg&#039;%20viewBox%3D&#039;0%200%201080%201080&#039;%2F%3E\" class=\"attachment-full size-full preload-me aspect lazy lazy-load\" alt=\"\" sizes=\"(max-width: 1080px) 100vw, 1080px\" style=\"--ratio: 1080 \/ 1080;\" data-src=\"http:\/\/parafia.realizacjewww.pl\/wp-content\/uploads\/2023\/10\/DE08F3CA-E8CA-4E1E-A2A1-94FC01B8783F.jpeg\" loading=\"eager\" data-srcset=\"http:\/\/parafia.realizacjewww.pl\/wp-content\/uploads\/2023\/10\/DE08F3CA-E8CA-4E1E-A2A1-94FC01B8783F.jpeg 1080w, http:\/\/parafia.realizacjewww.pl\/wp-content\/uploads\/2023\/10\/DE08F3CA-E8CA-4E1E-A2A1-94FC01B8783F-300x300.jpeg 300w, http:\/\/parafia.realizacjewww.pl\/wp-content\/uploads\/2023\/10\/DE08F3CA-E8CA-4E1E-A2A1-94FC01B8783F-1024x1024.jpeg 1024w, http:\/\/parafia.realizacjewww.pl\/wp-content\/uploads\/2023\/10\/DE08F3CA-E8CA-4E1E-A2A1-94FC01B8783F-150x150.jpeg 150w, http:\/\/parafia.realizacjewww.pl\/wp-content\/uploads\/2023\/10\/DE08F3CA-E8CA-4E1E-A2A1-94FC01B8783F-768x768.jpeg 768w, http:\/\/parafia.realizacjewww.pl\/wp-content\/uploads\/2023\/10\/DE08F3CA-E8CA-4E1E-A2A1-94FC01B8783F-200x200.jpeg 200w\" \/><\/a><div class=\"project-links-container\"><a href=\"http:\/\/parafia.realizacjewww.pl\/?p=8466\" class=\"project-details\" aria-label=\"Details link\"><svg xmlns=\"http:\/\/www.w3.org\/2000\/svg\" viewBox=\"0 0 24 24\" width=\"24\" height=\"24\"><path fill=\"none\" d=\"M0 0h24v24H0z\"><\/path><path d=\"M4.5 10.5c-.825 0-1.5.675-1.5 1.5s.675 1.5 1.5 1.5S6 12.825 6 12s-.675-1.5-1.5-1.5zm15 0c-.825 0-1.5.675-1.5 1.5s.675 1.5 1.5 1.5S21 12.825 21 12s-.675-1.5-1.5-1.5zm-7.5 0c-.825 0-1.5.675-1.5 1.5s.675 1.5 1.5 1.5 1.5-.675 1.5-1.5-.675-1.5-1.5-1.5z\"><\/path><\/svg><\/a><\/div>\n\t\t<\/div>\n\t<\/div>\n\n\n<div class=\"post-entry-content\">\n\n\t<h3 class=\"ele-entry-title\"><a href=\"http:\/\/parafia.realizacjewww.pl\/?p=8466\" rel=\"bookmark\" title=\"Warsztaty plastyczne dla dzieci w ka\u017cd\u0105 pierwsz\u0105 sobot\u0119 miesi\u0105ca.\">Warsztaty plastyczne dla dzieci w ka\u017cd\u0105 pierwsz\u0105 sobot\u0119 miesi\u0105ca.<\/a><\/h3><div class=\"entry-meta\"><span class=\"meta-item data-link\"><time class=\"entry-date updated\" datetime=\"2023-10-06T11:31:07+02:00\">2023-10-06<\/time><\/span><\/div><a href=\"http:\/\/parafia.realizacjewww.pl\/?p=8466\" target=\"\" aria-label=\"Read more about Warsztaty plastyczne dla dzieci w ka\u017cd\u0105 pierwsz\u0105 sobot\u0119 miesi\u0105ca.\" class=\"box-button elementor-button elementor-size-sm\">Czytaj dalej<\/a>\n<\/div><\/article><article class=\"post visible post-8444 type-post status-publish format-standard has-post-thumbnail hentry category-uncategorized\">\n\n\t<div class=\"post-thumbnail-wrap rollover-active\">\n\t\t<div class=\"post-thumbnail\">\n\n\t\t\t<a class=\"post-thumbnail-rollover layzr-bg img-css-resize-wrapper\" aria-label=\"Post image\" href=\"http:\/\/parafia.realizacjewww.pl\/?p=8444\"><img decoding=\"async\" width=\"2560\" height=\"1440\" src=\"data:image\/svg+xml,%3Csvg%20xmlns%3D&#039;http%3A%2F%2Fwww.w3.org%2F2000%2Fsvg&#039;%20viewBox%3D&#039;0%200%202560%201440&#039;%2F%3E\" class=\"attachment-full size-full preload-me aspect lazy lazy-load\" alt=\"\" sizes=\"(max-width: 2560px) 100vw, 2560px\" style=\"--ratio: 2560 \/ 1440;\" data-src=\"http:\/\/parafia.realizacjewww.pl\/wp-content\/uploads\/2023\/10\/Piknik-02.10.2022_9-scaled.jpg\" loading=\"eager\" data-srcset=\"http:\/\/parafia.realizacjewww.pl\/wp-content\/uploads\/2023\/10\/Piknik-02.10.2022_9-scaled.jpg 2560w, http:\/\/parafia.realizacjewww.pl\/wp-content\/uploads\/2023\/10\/Piknik-02.10.2022_9-300x169.jpg 300w, http:\/\/parafia.realizacjewww.pl\/wp-content\/uploads\/2023\/10\/Piknik-02.10.2022_9-1024x576.jpg 1024w, http:\/\/parafia.realizacjewww.pl\/wp-content\/uploads\/2023\/10\/Piknik-02.10.2022_9-768x432.jpg 768w, http:\/\/parafia.realizacjewww.pl\/wp-content\/uploads\/2023\/10\/Piknik-02.10.2022_9-1536x864.jpg 1536w, http:\/\/parafia.realizacjewww.pl\/wp-content\/uploads\/2023\/10\/Piknik-02.10.2022_9-2048x1152.jpg 2048w\" \/><\/a><div class=\"project-links-container\"><a href=\"http:\/\/parafia.realizacjewww.pl\/?p=8444\" class=\"project-details\" aria-label=\"Details link\"><svg xmlns=\"http:\/\/www.w3.org\/2000\/svg\" viewBox=\"0 0 24 24\" width=\"24\" height=\"24\"><path fill=\"none\" d=\"M0 0h24v24H0z\"><\/path><path d=\"M4.5 10.5c-.825 0-1.5.675-1.5 1.5s.675 1.5 1.5 1.5S6 12.825 6 12s-.675-1.5-1.5-1.5zm15 0c-.825 0-1.5.675-1.5 1.5s.675 1.5 1.5 1.5S21 12.825 21 12s-.675-1.5-1.5-1.5zm-7.5 0c-.825 0-1.5.675-1.5 1.5s.675 1.5 1.5 1.5 1.5-.675 1.5-1.5-.675-1.5-1.5-1.5z\"><\/path><\/svg><\/a><\/div>\n\t\t<\/div>\n\t<\/div>\n\n\n<div class=\"post-entry-content\">\n\n\t<h3 class=\"ele-entry-title\"><a href=\"http:\/\/parafia.realizacjewww.pl\/?p=8444\" rel=\"bookmark\" title=\"Piknik u \u015bw. Franciszka\">Piknik u \u015bw. Franciszka<\/a><\/h3><div class=\"entry-meta\"><span class=\"meta-item data-link\"><time class=\"entry-date updated\" datetime=\"2023-10-02T11:25:23+02:00\">2023-10-02<\/time><\/span><\/div><a href=\"http:\/\/parafia.realizacjewww.pl\/?p=8444\" target=\"\" aria-label=\"Read more about Piknik u \u015bw. Franciszka\" class=\"box-button elementor-button elementor-size-sm\">Czytaj dalej<\/a>\n<\/div><\/article><article class=\"post visible no-img post-8213 type-post status-publish format-standard hentry category-uncategorized\">\n\n<div class=\"post-entry-content\">\n\n\t<h3 class=\"ele-entry-title\"><a href=\"http:\/\/parafia.realizacjewww.pl\/?p=8213\" rel=\"bookmark\" title=\"Oficjalnie poinformowali\u015bmy nasz\u0105 wsp\u00f3lnot\u0119 parafialn\u0105 o rozpocz\u0119ciu prac.\">Oficjalnie poinformowali\u015bmy nasz\u0105 wsp\u00f3lnot\u0119 parafialn\u0105 o rozpocz\u0119ciu prac.<\/a><\/h3><div class=\"entry-meta\"><span class=\"meta-item data-link\"><time class=\"entry-date updated\" datetime=\"2023-05-08T14:53:48+02:00\">2023-05-08<\/time><\/span><\/div><a href=\"http:\/\/parafia.realizacjewww.pl\/?p=8213\" target=\"\" aria-label=\"Read more about Oficjalnie poinformowali\u015bmy nasz\u0105 wsp\u00f3lnot\u0119 parafialn\u0105 o rozpocz\u0119ciu prac.\" class=\"box-button elementor-button elementor-size-sm\">Czytaj dalej<\/a>\n<\/div><\/article><article class=\"post visible no-img post-8208 type-post status-publish format-standard hentry category-uncategorized\">\n\n<div class=\"post-entry-content\">\n\n\t<h3 class=\"ele-entry-title\"><a href=\"http:\/\/parafia.realizacjewww.pl\/?p=8208\" rel=\"bookmark\" title=\"Od pomys\u0142u do realizacji.\">Od pomys\u0142u do realizacji.<\/a><\/h3><div class=\"entry-meta\"><span class=\"meta-item data-link\"><time class=\"entry-date updated\" datetime=\"2023-05-08T14:53:15+02:00\">2023-05-08<\/time><\/span><\/div><a href=\"http:\/\/parafia.realizacjewww.pl\/?p=8208\" target=\"\" aria-label=\"Read more about Od pomys\u0142u do realizacji.\" class=\"box-button elementor-button elementor-size-sm\">Czytaj dalej<\/a>\n<\/div><\/article><article class=\"post visible no-img post-6573 type-post status-publish format-standard hentry category-uncategorized\">\n\n<div class=\"post-entry-content\">\n\n\t<h3 class=\"ele-entry-title\"><a href=\"http:\/\/parafia.realizacjewww.pl\/?p=6573\" rel=\"bookmark\" title=\"Jak zrodzi\u0142 si\u0119 pomys\u0142?\">Jak zrodzi\u0142 si\u0119 pomys\u0142?<\/a><\/h3><div class=\"entry-meta\"><span class=\"meta-item data-link\"><time class=\"entry-date updated\" datetime=\"2022-12-02T13:41:36+01:00\">2022-12-02<\/time><\/span><\/div><a href=\"http:\/\/parafia.realizacjewww.pl\/?p=6573\" target=\"\" aria-label=\"Read more about Jak zrodzi\u0142 si\u0119 pomys\u0142?\" class=\"box-button elementor-button elementor-size-sm\">Czytaj dalej<\/a>\n<\/div><\/article><\/div><div class=\"owl-nav disabled\"><a class=\"owl-prev\" role=\"button\"><svg xmlns=\"http:\/\/www.w3.org\/2000\/svg\" viewBox=\"0 0 24 24\" width=\"24\" height=\"24\"><path fill=\"none\" d=\"M0 0h24v24H0z\"><\/path><path d=\"M10.828 12l4.95 4.95-1.414 1.414L8 12l6.364-6.364 1.414 1.414z\"><\/path><\/svg><\/a><a class=\"owl-next\" role=\"button\"><svg xmlns=\"http:\/\/www.w3.org\/2000\/svg\" viewBox=\"0 0 24 24\" width=\"24\" height=\"24\"><path fill=\"none\" d=\"M0 0h24v24H0z\"><\/path><path d=\"M13.172 12l-4.95-4.95 1.414-1.414L16 12l-6.364 6.364-1.414-1.414z\"><\/path><\/svg><\/a><\/div>\t\t<\/div>\n\t\t\t\t<\/div>\n\t\t\t\t\t<\/div>\n\t\t<\/div>\n\t\t\t\t\t\t\t<\/div>\n\t\t<\/section>\n\t\t\t\t<section class=\"elementor-section elementor-top-section elementor-element elementor-element-db6ea66 elementor-section-full_width elementor-section-content-middle elementor-section-height-default elementor-section-height-default\" data-id=\"db6ea66\" data-element_type=\"section\" id=\"price\" data-settings=\"{&quot;background_background&quot;:&quot;classic&quot;}\">\n\t\t\t\t\t\t\t<div class=\"elementor-background-overlay\"><\/div>\n\t\t\t\t\t\t\t<div class=\"elementor-container elementor-column-gap-no\">\n\t\t\t\t\t<div class=\"elementor-column elementor-col-100 elementor-top-column elementor-element elementor-element-c1c26df\" data-id=\"c1c26df\" data-element_type=\"column\">\n\t\t\t<div class=\"elementor-widget-wrap elementor-element-populated\">\n\t\t\t\t\t\t\t\t<section class=\"elementor-section elementor-inner-section elementor-element elementor-element-db4acd8 elementor-section-boxed elementor-section-height-default elementor-section-height-default\" data-id=\"db4acd8\" data-element_type=\"section\">\n\t\t\t\t\t\t<div class=\"elementor-container elementor-column-gap-wider\">\n\t\t\t\t\t<div class=\"elementor-column elementor-col-100 elementor-inner-column elementor-element elementor-element-bb77434\" data-id=\"bb77434\" data-element_type=\"column\">\n\t\t\t<div class=\"elementor-widget-wrap elementor-element-populated\">\n\t\t\t\t\t\t\t\t<div class=\"elementor-element elementor-element-b0144fa elementor-widget elementor-widget-heading\" data-id=\"b0144fa\" data-element_type=\"widget\" data-widget_type=\"heading.default\">\n\t\t\t\t<div class=\"elementor-widget-container\">\n\t\t\t<h3 class=\"elementor-heading-title elementor-size-default\">Masz pytania? Napisz do nas!<\/h3>\t\t<\/div>\n\t\t\t\t<\/div>\n\t\t\t\t<div class=\"elementor-element elementor-element-07da401 elementor-widget elementor-widget-spacer\" data-id=\"07da401\" data-element_type=\"widget\" data-widget_type=\"spacer.default\">\n\t\t\t\t<div class=\"elementor-widget-container\">\n\t\t\t\t\t<div class=\"elementor-spacer\">\n\t\t\t<div class=\"elementor-spacer-inner\"><\/div>\n\t\t<\/div>\n\t\t\t\t<\/div>\n\t\t\t\t<\/div>\n\t\t\t\t<div class=\"elementor-element elementor-element-8c13c5c elementor-align-center elementor-widget__width-auto elementor-widget-tablet__width-inherit elementor-widget elementor-widget-the7_button_widget\" data-id=\"8c13c5c\" data-element_type=\"widget\" data-widget_type=\"the7_button_widget.default\">\n\t\t\t\t<div class=\"elementor-widget-container\">\n\t\t\t<div class=\"elementor-button-wrapper\"><a href=\"http:\/\/parafia.realizacjewww.pl\/?page_id=4804\" class=\"box-button elementor-button elementor-size-xl\">Przejd\u017a do kontaktu<svg xmlns=\"http:\/\/www.w3.org\/2000\/svg\" viewBox=\"0 0 24 24\" width=\"24\" height=\"24\"><path fill=\"none\" d=\"M0 0h24v24H0z\"><\/path><path d=\"M16.172 11l-5.364-5.364 1.414-1.414L20 12l-7.778 7.778-1.414-1.414L16.172 13H4v-2z\"><\/path><\/svg><\/a><\/div>\t\t<\/div>\n\t\t\t\t<\/div>\n\t\t\t\t\t<\/div>\n\t\t<\/div>\n\t\t\t\t\t\t\t<\/div>\n\t\t<\/section>\n\t\t\t\t\t<\/div>\n\t\t<\/div>\n\t\t\t\t\t\t\t<\/div>\n\t\t<\/section>\n\t\t\t\t\t\t\t<\/div>\n\t\t","protected":false},"excerpt":{"rendered":"<p>Parafia Rzymskokatolicka pw. \u015aw Franciszka z Asy\u017cu Zobacz etapy budowy Nasze piszcza\u0142ki Piszcza\u0142ki 1 260,00&#122;&#322;Dodaj do koszyka Zobacz wszystkie produkty Aktualno\u015bci Oficjalnie poinformowali\u015bmy nasz\u0105 wsp\u00f3lnot\u0119 parafialn\u0105 o rozpocz\u0119ciu prac. 2023-05-08Czytaj dalej Od pomys\u0142u do realizacji. 2023-05-08Czytaj dalej Jak zrodzi\u0142 si\u0119 pomys\u0142? 2022-12-02Czytaj dalej Masz pytania? Napisz do nas! Przejd\u017a do kontaktu<\/p>\n","protected":false},"author":1,"featured_media":0,"parent":0,"menu_order":10,"comment_status":"closed","ping_status":"closed","template":"elementor_header_footer","meta":{"footnotes":""},"class_list":["post-2614","page","type-page","status-publish","hentry"],"_links":{"self":[{"href":"http:\/\/parafia.realizacjewww.pl\/index.php?rest_route=\/wp\/v2\/pages\/2614","targetHints":{"allow":["GET"]}}],"collection":[{"href":"http:\/\/parafia.realizacjewww.pl\/index.php?rest_route=\/wp\/v2\/pages"}],"about":[{"href":"http:\/\/parafia.realizacjewww.pl\/index.php?rest_route=\/wp\/v2\/types\/page"}],"author":[{"embeddable":true,"href":"http:\/\/parafia.realizacjewww.pl\/index.php?rest_route=\/wp\/v2\/users\/1"}],"replies":[{"embeddable":true,"href":"http:\/\/parafia.realizacjewww.pl\/index.php?rest_route=%2Fwp%2Fv2%2Fcomments&post=2614"}],"version-history":[{"count":12,"href":"http:\/\/parafia.realizacjewww.pl\/index.php?rest_route=\/wp\/v2\/pages\/2614\/revisions"}],"predecessor-version":[{"id":8324,"href":"http:\/\/parafia.realizacjewww.pl\/index.php?rest_route=\/wp\/v2\/pages\/2614\/revisions\/8324"}],"wp:attachment":[{"href":"http:\/\/parafia.realizacjewww.pl\/index.php?rest_route=%2Fwp%2Fv2%2Fmedia&parent=2614"}],"curies":[{"name":"wp","href":"https:\/\/api.w.org\/{rel}","templated":true}]}}